{"id":196,"date":"2025-07-05T21:26:32","date_gmt":"2025-07-05T21:26:32","guid":{"rendered":"https:\/\/catherine-bernard.com\/?page_id=196"},"modified":"2026-02-05T20:55:30","modified_gmt":"2026-02-05T20:55:30","slug":"lartiste","status":"publish","type":"page","link":"https:\/\/catherine-bernard.com\/index.php\/lartiste\/","title":{"rendered":"L&rsquo;artiste"},"content":{"rendered":"<div data-colibri-id=\"196-c1\" class=\"style-217 style-local-196-c1 position-relative\">\n  <!---->\n  <div data-colibri-component=\"section\" data-colibri-id=\"196-c2\" id=\"about\" class=\"h-section h-section-global-spacing d-flex align-items-lg-center align-items-md-center align-items-center style-222 style-local-196-c2 position-relative\">\n    <!---->\n    <!---->\n    <div class=\"h-section-grid-container h-section-boxed-container\">\n      <!---->\n      <div data-colibri-id=\"196-c3\" class=\"h-row-container gutters-row-lg-1 gutters-row-md-1 gutters-row-0 gutters-row-v-lg-1 gutters-row-v-md-1 gutters-row-v-1 style-251 style-local-196-c3 position-relative\">\n        <!---->\n        <div class=\"h-row justify-content-lg-center justify-content-md-center justify-content-center align-items-lg-stretch align-items-md-stretch align-items-stretch gutters-col-lg-1 gutters-col-md-1 gutters-col-0 gutters-col-v-lg-1 gutters-col-v-md-1 gutters-col-v-1\">\n          <!---->\n          <div class=\"h-column h-column-container d-flex h-col-lg-auto h-col-md-auto h-col-auto style-252-outer style-local-196-c4-outer\">\n            <div data-colibri-id=\"196-c4\" class=\"d-flex h-flex-basis h-column__inner h-px-lg-1 h-px-md-1 h-px-1 v-inner-lg-1 v-inner-md-1 v-inner-1 style-252 style-local-196-c4 position-relative\">\n              <!---->\n              <!---->\n              <div class=\"w-100 h-y-container h-column__content h-column__v-align flex-basis-100 align-self-lg-center align-self-md-center align-self-center\">\n                <!---->\n                <div data-colibri-id=\"196-c5\" class=\"h-text h-text-component style-253 style-local-196-c5 position-relative h-element\">\n                  <!---->\n                  <!---->\n                  <div class=\"\">\n                    <p>L&rsquo;ARTISTE<\/p>\n                  <\/div>\n                <\/div>\n              <\/div>\n            <\/div>\n          <\/div>\n        <\/div>\n      <\/div>\n      <div data-colibri-id=\"196-c6\" class=\"h-row-container gutters-row-lg-2 gutters-row-md-2 gutters-row-2 gutters-row-v-lg-2 gutters-row-v-md-2 gutters-row-v-2 style-223 style-local-196-c6 position-relative\">\n        <!---->\n        <div class=\"h-row justify-content-lg-center justify-content-md-center justify-content-center align-items-lg-stretch align-items-md-stretch align-items-stretch gutters-col-lg-2 gutters-col-md-2 gutters-col-2 gutters-col-v-lg-2 gutters-col-v-md-2 gutters-col-v-2\">\n          <!---->\n          <div class=\"h-column h-column-container d-flex h-col-lg-auto h-col-md-auto h-col-auto style-224-outer style-local-196-c7-outer\">\n            <div data-colibri-id=\"196-c7\" class=\"d-flex h-flex-basis h-column__inner h-px-lg-2 h-px-md-2 h-px-2 v-inner-lg-2 v-inner-md-2 v-inner-2 style-224 style-local-196-c7 position-relative\">\n              <!---->\n              <!---->\n              <div class=\"w-100 h-y-container h-column__content h-column__v-align flex-basis-100 align-self-lg-center align-self-md-center align-self-center\">\n                <!---->\n                <div data-colibri-id=\"196-c8\" class=\"h-lead h-text h-text-component style-227 style-local-196-c8 position-relative h-element\">\n                  <!---->\n                  <!---->\n                  <div class=\"\">\n                    <p>&nbsp; Catherine Bernard est n\u00e9e en 1956 \u00e0 Grand-Quevilly, en Seine-Maritime.\n                      <br> Elle vit et travaille \u00e0 Saint-Martin-de-Boscherville.\n                      <br>\n                      <br>&nbsp; Apr\u00e8s des \u00e9tudes \u00e0 l&rsquo;Ecole R\u00e9gionale des Beaux-Arts de Rouen et un stage de tapisserie avec Pierre Daquin, elle expose r\u00e9guli\u00e8rement depuis 1978 en france et \u00e0 l&rsquo;\u00e9tranger.\n                      <br>\n                      <br>&nbsp; Elle est \u00e9galement membre de l&rsquo;I.A.P.M.A. (International Association of Hand Papermakers and Paper Artists).\n                      <br>\n                      <br>&nbsp; Catherine Bernard enseigne l&rsquo;art textile depuis 1978 et l&rsquo;art papier depuis 2000.<\/p>\n                  <\/div>\n                <\/div>\n              <\/div>\n            <\/div>\n          <\/div>\n          <div class=\"h-column h-column-container d-flex h-col-lg-auto h-col-md-auto h-col-auto style-230-outer style-local-196-c9-outer\">\n            <div data-colibri-id=\"196-c9\" class=\"d-flex h-flex-basis h-column__inner h-px-lg-2 h-px-md-2 h-px-2 v-inner-lg-2 v-inner-md-2 v-inner-2 style-230 style-local-196-c9 position-relative\">\n              <!---->\n              <!---->\n              <div class=\"w-100 h-y-container h-column__content h-column__v-align flex-basis-100 align-self-lg-center align-self-md-center align-self-center\">\n                <!---->\n                <div data-colibri-id=\"196-c10\" class=\"d-block style-231 style-local-196-c10 position-relative h-element\">\n                  <!---->\n                  <div class=\"h-image__frame-container-outer\">\n                    <div class=\"h-image__frame-container\">\n                      <!---->\n                      <!---->\n                      <img loading=\"lazy\" decoding=\"async\" width=\"344\" height=\"768\" src=\"https:\/\/catherine-bernard.com\/wp-content\/uploads\/2025\/11\/cropped-IMG_0259-002-1.jpg\" class=\"wp-image-873 style-231-image style-local-196-c10-image\" alt=\"\" srcset=\"https:\/\/catherine-bernard.com\/wp-content\/uploads\/2025\/11\/cropped-IMG_0259-002-1.jpg 344w, https:\/\/catherine-bernard.com\/wp-content\/uploads\/2025\/11\/cropped-IMG_0259-002-1-134x300.jpg 134w\" sizes=\"auto, (max-width: 344px) 100vw, 344px\" \/>\n                      <div class=\"h-image__frame h-hide-lg h-hide-md h-hide-sm style-231-frameImage style-local-196-c10-frameImage\"><\/div>\n                    <\/div>\n                  <\/div>\n                <\/div>\n              <\/div>\n            <\/div>\n          <\/div>\n        <\/div>\n      <\/div>\n      <div data-colibri-id=\"196-c11\" class=\"h-row-container gutters-row-lg-2 gutters-row-md-2 gutters-row-0 gutters-row-v-lg-2 gutters-row-v-md-2 gutters-row-v-2 style-246 style-local-196-c11 position-relative\">\n        <!---->\n        <div class=\"h-row justify-content-lg-center justify-content-md-center justify-content-center align-items-lg-stretch align-items-md-stretch align-items-stretch gutters-col-lg-2 gutters-col-md-2 gutters-col-0 gutters-col-v-lg-2 gutters-col-v-md-2 gutters-col-v-2\">\n          <!---->\n          <div class=\"h-column h-column-container d-flex h-col-lg-auto h-col-md-auto h-col-auto style-247-outer style-local-196-c12-outer\">\n            <div data-colibri-id=\"196-c12\" class=\"d-flex h-flex-basis h-column__inner h-px-lg-2 h-px-md-2 h-px-2 v-inner-lg-2 v-inner-md-2 v-inner-2 style-247 style-local-196-c12 position-relative\">\n              <!---->\n              <!---->\n              <div class=\"w-100 h-y-container h-column__content h-column__v-align flex-basis-100 align-self-lg-start align-self-md-start align-self-start\">\n                <!---->\n                <div data-colibri-id=\"196-c13\" class=\"h-global-transition-all h-heading style-248 style-local-196-c13 position-relative h-element\">\n                  <!---->\n                  <div class=\"h-heading__outer style-248 style-local-196-c13\">\n                    <!---->\n                    <!---->\n                    <h4 class=\"\">Faiseuse d&rsquo;histoire(s)<\/h4>\n                  <\/div>\n                <\/div>\n              <\/div>\n            <\/div>\n          <\/div>\n        <\/div>\n      <\/div>\n      <div data-colibri-id=\"196-c14\" class=\"h-row-container gutters-row-lg-2 gutters-row-md-2 gutters-row-0 gutters-row-v-lg-2 gutters-row-v-md-2 gutters-row-v-2 style-243 style-local-196-c14 position-relative\">\n        <!---->\n        <div class=\"h-row justify-content-lg-center justify-content-md-center justify-content-center align-items-lg-stretch align-items-md-stretch align-items-stretch gutters-col-lg-2 gutters-col-md-2 gutters-col-0 gutters-col-v-lg-2 gutters-col-v-md-2 gutters-col-v-2\">\n          <!---->\n          <div class=\"h-column h-column-container d-flex h-col-lg-auto h-col-md-auto h-col-auto style-244-outer style-local-196-c15-outer\">\n            <div data-colibri-id=\"196-c15\" class=\"d-flex h-flex-basis h-column__inner h-px-lg-2 h-px-md-2 h-px-2 v-inner-lg-2 v-inner-md-2 v-inner-2 style-244 style-local-196-c15 position-relative\">\n              <!---->\n              <!---->\n              <div class=\"w-100 h-y-container h-column__content h-column__v-align flex-basis-100 align-self-lg-start align-self-md-start align-self-start\">\n                <!---->\n                <div data-colibri-id=\"196-c16\" class=\"h-text h-text-component style-245 style-local-196-c16 position-relative h-element\">\n                  <!---->\n                  <!---->\n                  <div class=\"\">\n                    <p>Catherine Bernard est une faiseuse d&rsquo;histoires. Le langage, comme \u00e0 son habitude, d\u00e9robe ce premier propos et le renverse du c\u00f4t\u00e9 de l&rsquo;ironie et de la satire. J&rsquo;en ai conscience, et pourtant il me faut l&rsquo;\u00e9crire parce que cela me semble\n                      au plus juste de son travail et de ce que cette artiste semble \u00eatre au plus profond. Ainsi que l&rsquo;a \u00e9nonc\u00e9, dans le champ de l&rsquo;art, la grande Louise Bourgeois, puis \u00e0 sa suite Annette Messager, le langage est un discours d&rsquo;homme comme\n                      une affaire de pouvoir et de propri\u00e9t\u00e9 des hommes sur les femmes, et des p\u00e8res et des fils sur les m\u00e8res et les filles. Comme s&rsquo;il \u00e9tait n\u00e9cessaire de leur retirer sit\u00f4t fait, leur position centrale dans la reproduction de l&rsquo;esp\u00e8ce,\n                      des m\u00e2les en particulier, afin qu&rsquo;elles ne puissent rien en parler ou en \u00e9crire de cette exp\u00e9rience fondatrice de la gen\u00e8se qu&rsquo;une \u00ab\u00a0immacul\u00e9e conception\u00a0\u00bb symbolique. Ainsi, dira-t-on des femmes qu&rsquo;elles parlotent entre elles, quand\n                      on dira d&rsquo;un homme qu&rsquo;il parle au nom de tous ; des femmes, on voudra \u00e9galement bien dire qu&rsquo;elles tricotent&#8230;\n                      <br>\n                    <\/p>\n                    <p>Et donc, les hommes font l&rsquo;Histoire et le discours de leur(s) histoire(s) comme celle(s) de tous, mais ne participent certainement pas \u00e0 ces historiettes sur lesquelles les femmes font des \u00ab\u00a0parlotillages\u00a0\u00bb, ces histoires de rien sur\n                      lesquelles, bien entendu, elles brodent. Comme si, plac\u00e9es hors des lieux et hors des faits, elles ne pouvaient en rien les regarder et moins encore les transmettre, mais juste les affabuler autant que les fabuler, les imaginer autant\n                      que les imager. Car, hors de cet esprit vide comme de leur ventre vide, ce double vide inscrit au plus profond de leur corps, il ne resterait \u00e0 jamais pour ces femmes qu&rsquo;un coeur trop humain o\u00f9 l&rsquo;insouciance se conjuge \u00e0 l&rsquo;\u00e9tourderie,\n                      l&rsquo;incons\u00e9quence \u00e0 la d\u00e9raison&#8230; Et toujours cette matrice r\u00e9gl\u00e9e et d\u00e9r\u00e9gl\u00e9e d&rsquo;o\u00f9 jaillit ce fil de sang nourri de passion et d&rsquo;\u00e9motion, et qui coule trop fort dans leurs veines et s&rsquo;\u00e9chappe dans la douleur quand m\u00e8res elles ne\n                      sont point. Ventre amer autant que ventre-\u00e0-m\u00e8re ; coeur \u00e0 prendre plut\u00f4t que coeur \u00e9pris. Aussi, \u00e0 voir le temps et le monde filer sans elles, leur a-t-il fallu retrouver la place d&rsquo;un regard, et s&rsquo;attacher \u00e0 r\u00e9\u00e9crire leur propre\n                      histoire justement point par point, mots \u00e0 mots, macule sur cette immacul\u00e9, sur cette virginit\u00e9 de leur propre vie.\n                      <br>\n                    <\/p>\n                    <p>Catherine Bernard fait partie de ces femmes-l\u00e0 &#8212; de Louise Bourgeois \u00e0 Annette Messager, de Nancy Spero \u00e0 Kiki Smith, de Rosemarie Trockel \u00e0 Marl\u00e8ne Dumas &#8212; qui reprennent et reprisent le fil de leur vie effiloch\u00e9e comme celles de\n                      leur lign\u00e9e. Heureuse voyeuse et d\u00e9voreuse de ce que les p\u00e8res et les fils ont cru aligner, elle enfile dans le chas de son aiguille les lignes de cette histoire enregistr\u00e9e et d\u00e9compt\u00e9e : \u00e9critures de raconteuse sur papier de registre\n                      et de comptes. Et de cette vie et de ce sang qui coulent et s&rsquo;\u00e9coulent dans ses veines, et qu&rsquo;elle ne peut ou ne doit retenir, mais qu&rsquo;elle d\u00e9tient tout de m\u00eame, Catherine Bernard en fait, entre ses mains, des histoires, son histoire,\n                      leurs histoires, nos histoires \u00e0 nous. De toutes petites histoires qui filent et d\u00e9filent entre ses doigts, et qu&rsquo;elle raccroche point par point, fil-\u00e0-fil, ou plut\u00f4t fil sur fil, dans un geste de surfilage, ourlet du monde dont\n                      elle retourne le texte sur lui-m\u00eame, une vie \u00e0 l&rsquo;endroit, une vie \u00e0 l&rsquo;envers. Et elle couche et d\u00e9couche \u00e0 la main des peaux de papier qu&rsquo;elle enrobe et d\u00e9robe \u00e0 la surface du temps et du monde, puis elle couvre et recouvre en douce\n                      des traits et des signes d&rsquo;une langue retrouv\u00e9e, regagn\u00e9e, visible sur lisible.\n                      <br>\n                    <\/p>\n                    <p>Aussi, hors de toute pr\u00e9sence, reprend-t-elle en main, voleuse et collectionneuse de petits tr\u00e9sors, les livres du monde. Et reprise-t-elle en fil sur textes, du blanc au rouge, du rouge au noir, de la fille \u00e0 la m\u00e8re, de la m\u00e8re \u00e0\n                      la veuve, jusqu&rsquo;au dernier point, blanc sur noir, lumi\u00e8re des jours renvers\u00e9e au creux de la nuit o\u00f9 la m\u00e9moire, la parole et l&rsquo;\u00e9criture se logent feutr\u00e9es et calfeutr\u00e9es. Un creux de nuit qui se tient aujourd&rsquo;hui dans ses tables-matrices\n                      que nous avons devant nos yeux, dans des boules-matrices que nous tenons entre nos mains, et d&rsquo;o\u00f9 s&rsquo;\u00e9chappent, aussi l\u00e9gers et vifs qu&rsquo;une respiration, les fragments de pens\u00e9es-monde et de mots-chair de Catherine Bernard.\n                      <br>\n                      <br>A Antoinette Boyer, ma grand-m\u00e8re maternelle.<\/p>\n                    <p>Charles-Arthur BOYER<\/p>\n                  <\/div>\n                <\/div>\n              <\/div>\n            <\/div>\n          <\/div>\n        <\/div>\n      <\/div>\n    <\/div>\n  <\/div>\n<\/div>","protected":false},"excerpt":{"rendered":"<p>L&rsquo;ARTISTE &nbsp; Catherine Bernard est n\u00e9e en 1956 \u00e0 Grand-Quevilly, en Seine-Maritime. Elle [&hellip;]<\/p>\n","protected":false},"author":1,"featured_media":0,"parent":0,"menu_order":0,"comment_status":"closed","ping_status":"closed","template":"page-templates\/full-width-page.php","meta":{"footnotes":""},"class_list":["post-196","page","type-page","status-publish","hentry"],"_links":{"self":[{"href":"https:\/\/catherine-bernard.com\/index.php\/wp-json\/wp\/v2\/pages\/196","targetHints":{"allow":["GET"]}}],"collection":[{"href":"https:\/\/catherine-bernard.com\/index.php\/wp-json\/wp\/v2\/pages"}],"about":[{"href":"https:\/\/catherine-bernard.com\/index.php\/wp-json\/wp\/v2\/types\/page"}],"author":[{"embeddable":true,"href":"https:\/\/catherine-bernard.com\/index.php\/wp-json\/wp\/v2\/users\/1"}],"replies":[{"embeddable":true,"href":"https:\/\/catherine-bernard.com\/index.php\/wp-json\/wp\/v2\/comments?post=196"}],"version-history":[{"count":10,"href":"https:\/\/catherine-bernard.com\/index.php\/wp-json\/wp\/v2\/pages\/196\/revisions"}],"predecessor-version":[{"id":876,"href":"https:\/\/catherine-bernard.com\/index.php\/wp-json\/wp\/v2\/pages\/196\/revisions\/876"}],"wp:attachment":[{"href":"https:\/\/catherine-bernard.com\/index.php\/wp-json\/wp\/v2\/media?parent=196"}],"curies":[{"name":"wp","href":"https:\/\/api.w.org\/{rel}","templated":true}]}}